{"id":3400,"date":"2015-07-02T03:41:08","date_gmt":"2015-07-02T03:41:08","guid":{"rendered":"https:\/\/colecaolivrodeartista.wordpress.com\/?page_id=3400"},"modified":"2022-08-31T09:54:29","modified_gmt":"2022-08-31T12:54:29","slug":"exposicoes","status":"publish","type":"page","link":"https:\/\/colecaolivrodeartista.eba.ufmg.br\/?page_id=3400","title":{"rendered":"Exposi\u00e7\u00f5es"},"content":{"rendered":"<h1>Exposi\u00e7\u00f5es realizadas com obras do acervo da UFMG<\/h1>\n<p><strong>Arte Sonora<br \/>\n<\/strong>Discos de artista, partituras, poesia sonora fazem parte da mostra de <a href=\"https:\/\/colecaolivrodeartista.wordpress.com\/tag\/arte-sonora\/\">arte sonora<\/a>.<br \/>\nCentro Cultural UFMG<br \/>\nCuradoria: Amir Brito e Ulisses Carvalho<br \/>\n19\/08 a 25\/09\/2022<br \/>\n<a href=\"https:\/\/artesonora.umporextenso.com.br\/#artesonora\">https:\/\/artesonora.umporextenso.com.br\/#artesonora<\/a><\/p>\n<p><strong>Prima Facie<\/strong><br \/>\nCapas de livros de artista<\/p>\n<p><strong>Conceptual Comics<\/strong><br \/>\nMostra de livros de artista que s\u00e3o hist\u00f3rias em <a href=\"https:\/\/colecaolivrodeartista.wordpress.com\/tag\/conceptual-comics\/\">quadrinhos<\/a>, realizada em parceria com o Cabinet du Livre d&#8217;Artiste, de 12\/03 a 30\/04\/2020<br \/>\n<a href=\"https:\/\/www.sites.univ-rennes2.fr\/arts-pratiques-poetiques\/incertain-sens\/programmation_archives_comics.htm\">https:\/\/www.sites.univ-rennes2.fr\/arts-pratiques-poetiques\/incertain-sens\/programmation_archives_comics.htm<\/a><\/p>\n<p><strong>Eu nunca leio, s\u00f3 vejo as figuras<\/strong><br \/>\n<a href=\"https:\/\/colecaolivrodeartista.wordpress.com\/tag\/eu-nunca-leio\/\">Livro infantil<\/a> no acervo da Cole\u00e7\u00e3o Livro de Artista<br \/>\n10\/10 a 12\/11\/2019<br \/>\n<a href=\"https:\/\/www.academia.edu\/1770331\/O_signo_infantil_em_livros_de_artista\">https:\/\/www.academia.edu\/1770331\/O_signo_infantil_em_livros_de_artista<\/a><\/p>\n<p><strong>Mat\u00e9ria de Poesia<\/strong><br \/>\nAs t\u00e9cnicas de <a href=\"https:\/\/colecaolivrodeartista.wordpress.com\/tag\/materia-de-poesia\/\">impress\u00e3o<\/a> em livros de artista.<br \/>\n09 a 30\/09\/2019<br \/>\n<a href=\"https:\/\/www.academia.edu\/44749945\/Mat\u00e9ria_de_poesia_o_pensamento_impresso_nos_livros_de_artista\">https:\/\/www.academia.edu\/44749945\/Mat\u00e9ria_de_poesia_o_pensamento_impresso_nos_livros_de_artista<\/a><\/p>\n<p><strong>Sebasti\u00e3o Nunes: Delirante Lucidez<\/strong><br \/>\nEspa\u00e7o Cultural Escola de Design da UEMG<br \/>\nCuradoria: Gustavo Piqueira<br \/>\n24 de maio a 22 de junho\/2019<\/p>\n<p><strong>A constru\u00e7\u00e3o do livro<\/strong><br \/>\nMostra did\u00e1tica baseada no livro de Emanoel Ara\u00fajo, cada vitrine \u00e9 dedicada a um cap\u00edtulo do livro. As obras mostram, de forma literal ou metaf\u00f3rica, as diversas etapas de produ\u00e7\u00e3o editorial de um <a href=\"https:\/\/colecaolivrodeartista.wordpress.com\/tag\/a-construcao-do-livro\/\">livro<\/a><br \/>\nCentro de Mem\u00f3ria Faculdade de Letras UFMG &#8211; Gabinete do Livro<br \/>\n16\/04 a 30\/05\/2019<\/p>\n<p><strong>O que \u00e9 arte?<br \/>\n<\/strong>Uma sele\u00e7\u00e3o de livros que t\u00eam a <a href=\"https:\/\/colecaolivrodeartista.wordpress.com\/tag\/o-que-e-arte\/\">arte<\/a> e o seu sistema como assunto.<br \/>\n12\/04 a 24\/05\/2019<br \/>\n<a href=\"https:\/\/www.academia.edu\/46719485\/O_que_\u00e9_arte_O_sistema_da_arte_e_os_livros_de_artista\">https:\/\/www.academia.edu\/46719485\/O_que_\u00e9_arte_O_sistema_da_arte_e_os_livros_de_artista<\/a><\/p>\n<p><strong>Alguns volumes da biblioteca de Babel<\/strong><br \/>\nLivros de artista que s\u00e3o &#8220;<a href=\"https:\/\/colecaolivrodeartista.wordpress.com\/tag\/alguns-volumes-da-biblioteca-de-babel\/\">bibliotecas impressas<\/a>&#8221;<br \/>\n10\/04 a 11\/05\/2018<br \/>\n<a href=\"https:\/\/www.academia.edu\/15330087\/Bibliotecas_cat\u00e1logos_e_cole\u00e7\u00f5es\">https:\/\/www.academia.edu\/15330087\/Bibliotecas_cat\u00e1logos_e_cole\u00e7\u00f5es<\/a><\/p>\n<p><strong>Exposi\u00e7\u00e3o Impressa<br \/>\n<\/strong>O <a href=\"https:\/\/colecaolivrodeartista.wordpress.com\/tag\/exposicao-impressa\/\">cat\u00e1logo<\/a> como obra de arte<br \/>\n1 a 15\/09\/2017<strong><br \/>\n<\/strong><\/p>\n<p><strong>A plenos pulm\u00f5es<br \/>\n<\/strong>Luta pela igualdade de direitos das mulheres, contradi\u00e7\u00f5es da opini\u00e3o p\u00fablica, racismo, a\u00e7\u00e3o dos sindicatos e dos movimentos sociais, ditadura e censura s\u00e3o alguns dos temas abordados na <a href=\"https:\/\/colecaolivrodeartista.wordpress.com\/tag\/a-plenos-pulmoes\/\">exposi\u00e7\u00e3o<\/a>.<br \/>\n23\/03 a 05\/05\/2017<\/p>\n<p><strong>O artista e a fotografia<br \/>\n<\/strong> A exposi\u00e7\u00e3o mostra uma sele\u00e7\u00e3o de livros da Cole\u00e7\u00e3o Livro de Artista da UFMG que t\u00eam como tema a <a href=\"https:\/\/colecaolivrodeartista.wordpress.com\/tag\/o-artista-e-a-fotografia\/\">fotografia<\/a>. Nem todos s\u00e3o livros de fot\u00f3grafos, mas de artistas que de alguma forma utilizam a fotografia em seus trabalhos.<br \/>\nFestival de Fotografia de Tiradentes<br \/>\nCasa de Cultura da UFMG<br \/>\n09 a 13\/03\/2016<\/p>\n<p><strong>Tend\u00eancias do livro de artista no Brasil: 30 anos depois<\/strong><br \/>\nCentro Cultural S\u00e3o Paulo &#8211; S\u00e3o Paulo\/SP<br \/>\nCuradoria de Amir Brito Cad\u00f4r e Paulo Silveira<br \/>\n<a href=\"https:\/\/issuu.com\/colecaolivrodeartista\/docs\/livro_de_artista_no_brasil\">https:\/\/issuu.com\/colecaolivrodeartista\/docs\/livro_de_artista_no_brasil<\/a><br \/>\n28\/11\/2015 a 06\/03\/2016<\/p>\n<p><strong>Gibis<\/strong><br \/>\nLivros de artista que s\u00e3o revistas em <a href=\"https:\/\/colecaolivrodeartista.wordpress.com\/tag\/gibis\/\">quadrinhos<\/a>.<br \/>\nBiblioteca Universit\u00e1ria<br \/>\nCuradoria de Amir Brito<br \/>\n28\/10 a 22\/12\/2015<\/p>\n<p><strong>Ler, traduzir, <\/strong><strong>editar<\/strong><br \/>\n<span class=\"st\">I Semin\u00e1rio de Estudos Liter\u00e1rios &#8211; <em>Ler<\/em>, <em>traduzir<\/em>, <em>editar<\/em>: a literatura em sua experi\u00eancia<\/span><br \/>\nFaculdade de Letras\/UFMG<br \/>\nCuradoria de Amir Brito<br \/>\n2 a 4\/09\/2015<\/p>\n<p><strong>Livro de Artista no Brasil<\/strong><br \/>\nBiblioteca P\u00fablica Estadual Luiz de Bessa.<br \/>\nUm panorama reunindo alguns artistas que mais se envolveram com o livro como obra de arte, seja ao longo da carreira ou em determinado per\u00edodo.<br \/>\nCuradoria de Amir Brito Cad\u00f4r e Fernando Pedro da Silva<br \/>\n<a href=\"http:\/\/issuu.com\/editoracarte\/docs\/catalogo_livrodeartista\">http:\/\/issuu.com\/editoracarte\/docs\/catalogo_livrodeartista<\/a><br \/>\n28\/02 a 12\/03\/2015<\/p>\n<p><strong>Pensamento impresso<\/strong><br \/>\nExposi\u00e7\u00e3o de <a href=\"https:\/\/colecaolivrodeartista.wordpress.com\/tag\/pensamento-impresso\">poesia visual<\/a> em livros de artista<br \/>\nCentro Cultural da UFMG<br \/>\nCuradoria de Amir Brito.<br \/>\n<a href=\"http:\/\/issuu.com\/colecaolivrodeartista\/docs\/catalogo_pensamento_impresso\">http:\/\/issuu.com\/colecaolivrodeartista\/docs\/catalogo_pensamento_impresso<\/a><br \/>\n7 a 30\/03\/2014<\/p>\n<p><strong>A morte do autor<\/strong><br \/>\nApropria\u00e7\u00e3o de <a href=\"https:\/\/colecaolivrodeartista.wordpress.com\/tag\/a-morte-do-autor\/\">obras liter\u00e1rias<\/a> em livros de artista<br \/>\nCuradoria de Amir Brito<br \/>\n<a href=\"http:\/\/issuu.com\/colecaolivrodeartista\/docs\/a_morte_do_autor\">http:\/\/issuu.com\/colecaolivrodeartista\/docs\/a_morte_do_autor<\/a><br \/>\n27\/02 a 28\/3\/2014<\/p>\n<p><strong>O desenho como instrumento<\/strong><br \/>\nExposi\u00e7\u00e3o de livros de artista no <a href=\"https:\/\/colecaolivrodeartista.wordpress.com\/tag\/o-desenho-como-instrumento\/\">Sesc Pompeia<\/a> (SP).<br \/>\nCuradoria de Amir Brito.<br \/>\n<a href=\"http:\/\/issuu.com\/colecaolivrodeartista\/docs\/o_desenho_como_instrumento\">http:\/\/issuu.com\/colecaolivrodeartista\/docs\/o_desenho_como_instrumento<\/a><br \/>\n31\/5 a 6\/7\/2014.<\/p>\n<p><strong>Ainda: o livro como performance<\/strong><br \/>\nExposi\u00e7\u00e3o de <a href=\"https:\/\/colecaolivrodeartista.wordpress.com\/tag\/ainda-o-livro-como-performance\/\">performance em livros de artista<\/a>, no Museu de Arte da Pampulha (MAP).<br \/>\nCuradoria de Amir Brito.<br \/>\n<a href=\"http:\/\/www.bhfazcultura.pbh.gov.br\/content\/ainda-o-livro-como-performance\">http:\/\/www.bhfazcultura.pbh.gov.br\/content\/ainda-o-livro-como-performance<\/a><br \/>\n5\/9 a 13\/10\/2013<\/p>\n<p><strong>Exposi\u00e7\u00e3o Nacional de Livro de Artista<\/strong><br \/>\nEm comemora\u00e7\u00e3o aos 30 anos da 1\u00aa <a href=\"https:\/\/colecaolivrodeartista.wordpress.com\/tag\/exposicao-nacional-de-livro-de-artista\/\">Exposi\u00e7\u00e3o Nacional de Livro de Artista<\/a> realizada em Recife em 1983, com curadoria de Paulo Bruscky e Daniel Santiago, apresentamos uma sele\u00e7\u00e3o de obras do acervo da UFMG que fizeram parte da mostra.<br \/>\n<a href=\"http:\/\/issuu.com\/colecaolivrodeartista\/docs\/catalogo_30anos\">http:\/\/issuu.com\/colecaolivrodeartista\/docs\/catalogo_30anos<\/a><br \/>\n25\/4 a 28\/6\/2013<\/p>\n<p><strong>Ensinar e Aprender como formas de Arte<\/strong><br \/>\nFazem parte da mostra obras que pertencem ao acervo de livros de artista da UFMG, com destaque para os livros de <a href=\"https:\/\/colecaolivrodeartista.wordpress.com\/tag\/ensinar-e-aprender-como-formas-de-arte\/\">artistas\/professores<\/a>, livros publicados como resultado de pesquisa ou vinculados a grupos de pesquisa, al\u00e9m de trabalhos de conclus\u00e3o de curso e disserta\u00e7\u00f5es de mestrado.<\/p>\n<p><strong>O Mundo no Papel<\/strong><br \/>\nExposi\u00e7\u00e3o de 135 livros de artista, do acervo particular do professor e pesquisador Amir Brito Cad\u00f4r e do acervo da Biblioteca da Escola de Belas Artes da UFMG. A mostra, derivada da pesquisa de doutorado &#8220;O livro de artista e a Enciclop\u00e9dia Visual&#8221;, \u00a0contou \u00a0com <a href=\"https:\/\/colecaolivrodeartista.wordpress.com\/tag\/o-mundo-no-papel\">doa\u00e7\u00f5es<\/a> dos artistas Alec Finlay, Colin Sackett, Mark Pawson (Inglaterra), Claudia Jaguaribe, Edith Derdyk, Fabio Morais, Maril\u00e1 Dardot, Michel Z\u00f3zimo, Wlademir Dias-Pino (Brasil), Eric Doeringer, Scott McCarney (Estados Unidos), Hubert Renard (Fran\u00e7a), Hans Aarsman (Holanda), Jesper Fabricius (Dinamarca), Kristan Horton e Klaus Scher\u00fcbel (Canad\u00e1).<br \/>\nA mostra tamb\u00e9m marca a transfer\u00eancia do acervo da biblioteca da EBA para uma sala<br \/>\nexclusiva na Divis\u00e3o de Cole\u00e7\u00f5es Especiais, no pr\u00e9dio da Biblioteca Universit\u00e1ria.<br \/>\n30\/10 a 15\/12\/2012<\/p>\n<p><strong>Conversa\u00e7\u00f5es<\/strong><br \/>\nA partir de um conjunto de livros de artista de alunos, ex-alunos e professores da Escola de Belas Artes, pertencentes \u00e0 cole\u00e7\u00e3o especial de livros de artista, foram escolhidos livros do mesmo acervo que pudessem de alguma forma fazer uma conversa, seja por semelhan\u00e7as formais, tem\u00e1ticas ou at\u00e9 mesmo uma aproxima\u00e7\u00e3o pelos t\u00edtulos das obras.<span class=\"Apple-converted-space\"><br \/>\n31\/8 a 4\/11\/2011<\/span><\/p>\n","protected":false},"excerpt":{"rendered":"<p>Exposi\u00e7\u00f5es realizadas com obras do acervo da UFMG Arte Sonora Discos de artista, partituras, poesia sonora fazem parte da mostra de arte sonora. Centro Cultural UFMG Curadoria: Amir Brito e Ulisses Carvalho 19\/08 a 25\/09\/2022 https:\/\/artesonora.umporextenso.com.br\/#artesonora Prima Facie Capas de &hellip; <a href=\"https:\/\/colecaolivrodeartista.eba.ufmg.br\/?page_id=3400\">Continue lendo <span class=\"meta-nav\">&rarr;<\/span><\/a><\/p>\n","protected":false},"author":2,"featured_media":0,"parent":0,"menu_order":2,"comment_status":"open","ping_status":"open","template":"","meta":{"footnotes":""},"class_list":["post-3400","page","type-page","status-publish","hentry"],"jetpack_sharing_enabled":true,"jetpack_likes_enabled":true,"_links":{"self":[{"href":"https:\/\/colecaolivrodeartista.eba.ufmg.br\/index.php?rest_route=\/wp\/v2\/pages\/3400","targetHints":{"allow":["GET"]}}],"collection":[{"href":"https:\/\/colecaolivrodeartista.eba.ufmg.br\/index.php?rest_route=\/wp\/v2\/pages"}],"about":[{"href":"https:\/\/colecaolivrodeartista.eba.ufmg.br\/index.php?rest_route=\/wp\/v2\/types\/page"}],"author":[{"embeddable":true,"href":"https:\/\/colecaolivrodeartista.eba.ufmg.br\/index.php?rest_route=\/wp\/v2\/users\/2"}],"replies":[{"embeddable":true,"href":"https:\/\/colecaolivrodeartista.eba.ufmg.br\/index.php?rest_route=%2Fwp%2Fv2%2Fcomments&post=3400"}],"version-history":[{"count":2,"href":"https:\/\/colecaolivrodeartista.eba.ufmg.br\/index.php?rest_route=\/wp\/v2\/pages\/3400\/revisions"}],"predecessor-version":[{"id":27297,"href":"https:\/\/colecaolivrodeartista.eba.ufmg.br\/index.php?rest_route=\/wp\/v2\/pages\/3400\/revisions\/27297"}],"wp:attachment":[{"href":"https:\/\/colecaolivrodeartista.eba.ufmg.br\/index.php?rest_route=%2Fwp%2Fv2%2Fmedia&parent=3400"}],"curies":[{"name":"wp","href":"https:\/\/api.w.org\/{rel}","templated":true}]}}