{"id":1170,"date":"2012-06-26T13:20:17","date_gmt":"2012-06-26T13:20:17","guid":{"rendered":"http:\/\/colecaolivrodeartista.wordpress.com\/?page_id=1170"},"modified":"2012-06-26T13:20:17","modified_gmt":"2012-06-26T13:20:17","slug":"sobre-a-colecao","status":"publish","type":"page","link":"https:\/\/colecaolivrodeartista.eba.ufmg.br\/?page_id=1170","title":{"rendered":"Sobre a cole\u00e7\u00e3o"},"content":{"rendered":"<div>\n<p>A Biblioteca da Escola de Belas Artes da Universidade Federal de Minas Gerais (EBA\/UFMG) tem a primeira cole\u00e7\u00e3o especial de livros de artista em uma biblioteca universit\u00e1ria no Brasil. Formada em novembro de 2009, a Cole\u00e7\u00e3o Livro de Artista conta com mais de 1.000 t\u00edtulos, recebidos de artistas brasileiros e estrangeiros.<\/p>\n<p>O acervo recebeu em 2014 a doa\u00e7\u00e3o de um conjunto de cinco partituras de Dick Higgins, dois livros de Allan Kaprow e outros 14 livros \u00a0que fizeram parte de uma <a href=\"https:\/\/colecaolivrodeartista.wordpress.com\/tag\/ainda-o-livro-como-performance\/page\/6\/\">mostra<\/a> realizada no Museu de Arte da Pampulha.<\/p>\n<p>Em 2018 recebemos apoio da Fapemig, por meio do projeto &#8220;Livros de artista no Brasil&#8221;, para aquisi\u00e7\u00e3o de um conjunto de livros de poesia concreta (<a href=\"https:\/\/colecaolivrodeartista.wordpress.com\/2019\/03\/05\/exercicio-findo\/\">D\u00e9cio Pignatari<\/a>, Ronaldo Azeredo, Edgard Braga), poema-processo (Moacy Cirne, <a href=\"https:\/\/colecaolivrodeartista.wordpress.com\/2017\/11\/28\/elementos-da-semiotica\/\">Falves Silva<\/a> e Jomard Muniz de Brito) \u00a0e poesia visual (<a href=\"https:\/\/colecaolivrodeartista.wordpress.com\/2018\/04\/19\/a-frequencia-das-aranha\/\">Tadeu Jungle<\/a>\u00a0e Lenora de Barros) incluindo obras antol\u00f3gicas como os Poem\u00f3biles\u00a0de Augusto de Campos e Julio Plaza.<\/p>\n<p>A cole\u00e7\u00e3o possui tamb\u00e9m um acervo de <a href=\"https:\/\/colecaolivrodeartista.wordpress.com\/category\/obra-de-referencia\/\">obras de refer\u00eancia<\/a>, formado por livros, cat\u00e1logos e peri\u00f3dicos especializados, al\u00e9m de revistas, postais, cartazes e outras publica\u00e7\u00f5es de artista.<\/p>\n<p>As doa\u00e7\u00f5es podem ser enviadas para o seguinte endere\u00e7o:<\/p>\n<p>BIBLIOTECA UNIVERSIT\u00c1RIA UFMG<br \/>\nDivis\u00e3o de Cole\u00e7\u00f5es Especiais e Obras Raras &#8211; 4\u00ba andar<br \/>\nCole\u00e7\u00e3o Livro de Artista<br \/>\nAv. Ant\u00f4nio Carlos, 6627<br \/>\nCampus Pampulha<br \/>\nBelo Horizonte\/MG<br \/>\nCEP 31270-901<\/p>\n<p style=\"text-align:center;\"><a href=\"http:\/\/colecaolivrodeartista.wordpress.com\/sobre-a-colecao\/col_esp_livrodeartista-034\/\" rel=\"attachment wp-att-1287\"><img loading=\"lazy\" decoding=\"async\" class=\"size-medium wp-image-1287 aligncenter\" src=\"http:\/\/colecaolivrodeartista.files.wordpress.com\/2012\/06\/col_esp_livrodeartista-034.jpg?w=225\" alt=\"col_esp_livrodeartista 034\" width=\"225\" height=\"300\" \/><\/a><\/p>\n<p>The library of the School of Fine Arts (EBA\/UFMG) is forming its special collection of artists books. It is the first collection of this kind inside the university, and it is the first in a brazilian public library.<\/p>\n<p>Founded in 2009, it is a public non-circulating library, and the books will remain accessible to the interested public and scholars.<\/p>\n<p>Submissions to the collection should be sent to:<\/p>\n<p>BIBLIOTECA UNIVERSIT\u00c1RIA UFMG<br \/>\nDivis\u00e3o de Cole\u00e7\u00f5es Especiais e Obras Raras \u2013 4\u00ba andar<br \/>\nCole\u00e7\u00e3o Livro de Artista<br \/>\nAv. Ant\u00f4nio Carlos, 6627<br \/>\nCampus Pampulha<br \/>\nBelo Horizonte\/MG<br \/>\nCEP 31270-901 &#8211; Brazil<\/p>\n<p>To ensure a complete catalog record, please provide the following information:<br \/>\nINFO ABOUT THE BOOK (at minimum)<br \/>\ntitle<br \/>\nauthor<br \/>\ndate of publication<br \/>\nprinter<br \/>\nlanguage<br \/>\ndimensions<br \/>\nedition<br \/>\ntype of binding<br \/>\nsummary of the book\/project<br \/>\nINFO ABOUT THE ARTIST (at minimum)<br \/>\ndate and place of birth<br \/>\nbio<br \/>\nwebsite<\/p>\n<\/div>\n<p><span style=\"border-radius:2px;text-indent:20px;width:auto;padding:0 4px 0 0;text-align:center;font:bold 11px\/20px 'Helvetica Neue', Helvetica, sans-serif;color:#ffffff;background:#bd081c no-repeat scroll 3px 50% \/ 14px 14px;position:absolute;opacity:1;z-index:8675309;display:none;cursor:pointer;\">Salvar<\/span><\/p>\n","protected":false},"excerpt":{"rendered":"<p>A Biblioteca da Escola de Belas Artes da Universidade Federal de Minas Gerais (EBA\/UFMG) tem a primeira cole\u00e7\u00e3o especial de livros de artista em uma biblioteca universit\u00e1ria no Brasil. Formada em novembro de 2009, a Cole\u00e7\u00e3o Livro de Artista conta &hellip; <a href=\"https:\/\/colecaolivrodeartista.eba.ufmg.br\/?page_id=1170\">Continue lendo <span class=\"meta-nav\">&rarr;<\/span><\/a><\/p>\n","protected":false},"author":2,"featured_media":0,"parent":0,"menu_order":0,"comment_status":"open","ping_status":"open","template":"","meta":{"footnotes":""},"class_list":["post-1170","page","type-page","status-publish","hentry"],"jetpack_sharing_enabled":true,"jetpack_likes_enabled":true,"_links":{"self":[{"href":"https:\/\/colecaolivrodeartista.eba.ufmg.br\/index.php?rest_route=\/wp\/v2\/pages\/1170","targetHints":{"allow":["GET"]}}],"collection":[{"href":"https:\/\/colecaolivrodeartista.eba.ufmg.br\/index.php?rest_route=\/wp\/v2\/pages"}],"about":[{"href":"https:\/\/colecaolivrodeartista.eba.ufmg.br\/index.php?rest_route=\/wp\/v2\/types\/page"}],"author":[{"embeddable":true,"href":"https:\/\/colecaolivrodeartista.eba.ufmg.br\/index.php?rest_route=\/wp\/v2\/users\/2"}],"replies":[{"embeddable":true,"href":"https:\/\/colecaolivrodeartista.eba.ufmg.br\/index.php?rest_route=%2Fwp%2Fv2%2Fcomments&post=1170"}],"version-history":[{"count":0,"href":"https:\/\/colecaolivrodeartista.eba.ufmg.br\/index.php?rest_route=\/wp\/v2\/pages\/1170\/revisions"}],"wp:attachment":[{"href":"https:\/\/colecaolivrodeartista.eba.ufmg.br\/index.php?rest_route=%2Fwp%2Fv2%2Fmedia&parent=1170"}],"curies":[{"name":"wp","href":"https:\/\/api.w.org\/{rel}","templated":true}]}}